{"id":8,"date":"2025-10-08T10:10:02","date_gmt":"2025-10-08T10:10:02","guid":{"rendered":"https:\/\/amani.cnita.fr\/?page_id=8"},"modified":"2025-10-20T15:02:38","modified_gmt":"2025-10-20T15:02:38","slug":"wasan-rose","status":"publish","type":"page","link":"https:\/\/amani.cnita.fr\/","title":{"rendered":"Accueil"},"content":{"rendered":"\n<div class=\"wp-block-group is-nowrap is-layout-flex wp-container-core-group-is-layout-6c531013 wp-block-group-is-layout-flex\">\n<p style=\"font-size:42px\">WASN R<\/p>\n\n\n\n<figure class=\"wp-block-image size-full is-resized\"><img loading=\"lazy\" decoding=\"async\" width=\"616\" height=\"616\" src=\"https:\/\/amani.cnita.fr\/wp-content\/uploads\/2025\/10\/LogoFondBlanc-1.png\" alt=\"\" class=\"wp-image-44\" style=\"width:62px;height:auto\" srcset=\"https:\/\/amani.cnita.fr\/wp-content\/uploads\/2025\/10\/LogoFondBlanc-1.png 616w, https:\/\/amani.cnita.fr\/wp-content\/uploads\/2025\/10\/LogoFondBlanc-1-300x300.png 300w, https:\/\/amani.cnita.fr\/wp-content\/uploads\/2025\/10\/LogoFondBlanc-1-150x150.png 150w\" sizes=\"auto, (max-width: 616px) 100vw, 616px\" \/><\/figure>\n\n\n\n<p style=\"font-size:42px\">SE<\/p>\n<\/div>\n\n\n\n<figure class=\"wp-block-image size-large is-resized\"><img loading=\"lazy\" decoding=\"async\" width=\"683\" height=\"1024\" src=\"https:\/\/amani.cnita.fr\/wp-content\/uploads\/2025\/10\/pexels-photo-8989497-683x1024.jpeg\" alt=\"\" class=\"wp-image-33\" style=\"width:282px;height:auto\" srcset=\"https:\/\/amani.cnita.fr\/wp-content\/uploads\/2025\/10\/pexels-photo-8989497-683x1024.jpeg 683w, https:\/\/amani.cnita.fr\/wp-content\/uploads\/2025\/10\/pexels-photo-8989497-200x300.jpeg 200w, https:\/\/amani.cnita.fr\/wp-content\/uploads\/2025\/10\/pexels-photo-8989497-768x1152.jpeg 768w, https:\/\/amani.cnita.fr\/wp-content\/uploads\/2025\/10\/pexels-photo-8989497.jpeg 867w\" sizes=\"auto, (max-width: 683px) 100vw, 683px\" \/><\/figure>\n\n\n\n<p style=\"font-size:31px\"><strong>\u00c0 PROPOS &#8211; QUI SOMMES- NOUS ?<\/strong><\/p>\n\n\n\n<p>Chez Wasn rose nous c\u00e9l\u00e9brons l&rsquo;artisanat fait main l&rsquo;authenticit\u00e9 des cr\u00e9ations uniques. Nous r\u00e9alisons avec passion<\/p>\n\n\n\n<div class=\"wp-block-group is-nowrap is-layout-flex wp-container-core-group-is-layout-6c531013 wp-block-group-is-layout-flex\">\n<p style=\"font-size:23px\"><strong>CREATION ARTISANALE<\/strong><\/p>\n<\/div>\n\n\n\n<figure class=\"wp-block-image alignright size-large is-resized\"><img loading=\"lazy\" decoding=\"async\" width=\"768\" height=\"1024\" src=\"https:\/\/amani.cnita.fr\/wp-content\/uploads\/2025\/10\/IMG_4422-768x1024.jpg\" alt=\"\" class=\"wp-image-19\" style=\"width:293px;height:auto\" srcset=\"https:\/\/amani.cnita.fr\/wp-content\/uploads\/2025\/10\/IMG_4422-768x1024.jpg 768w, https:\/\/amani.cnita.fr\/wp-content\/uploads\/2025\/10\/IMG_4422-225x300.jpg 225w, https:\/\/amani.cnita.fr\/wp-content\/uploads\/2025\/10\/IMG_4422-1152x1536.jpg 1152w, https:\/\/amani.cnita.fr\/wp-content\/uploads\/2025\/10\/IMG_4422-1536x2048.jpg 1536w, https:\/\/amani.cnita.fr\/wp-content\/uploads\/2025\/10\/IMG_4422-scaled.jpg 1920w\" sizes=\"auto, (max-width: 768px) 100vw, 768px\" \/><\/figure>\n\n\n\n<div class=\"wp-block-group is-nowrap is-layout-flex wp-container-core-group-is-layout-6c531013 wp-block-group-is-layout-flex\">\n<figure class=\"wp-block-image is-resized\"><img loading=\"lazy\" decoding=\"async\" width=\"737\" height=\"704\" src=\"https:\/\/amani.cnita.fr\/wp-content\/uploads\/2025\/10\/LOGO.png\" alt=\"\" class=\"wp-image-9\" style=\"width:22px;height:auto\" srcset=\"https:\/\/amani.cnita.fr\/wp-content\/uploads\/2025\/10\/LOGO.png 737w, https:\/\/amani.cnita.fr\/wp-content\/uploads\/2025\/10\/LOGO-300x287.png 300w\" sizes=\"auto, (max-width: 737px) 100vw, 737px\" \/><\/figure>\n\n\n\n<p class=\"is-style-default\">Cr\u00e9ation manuelle d&rsquo;articles personnalis\u00e9s en bambou <\/p>\n<\/div>\n\n\n\n<div class=\"wp-block-group is-nowrap is-layout-flex wp-container-core-group-is-layout-6c531013 wp-block-group-is-layout-flex\">\n<figure class=\"wp-block-image size-full is-resized\"><img loading=\"lazy\" decoding=\"async\" width=\"737\" height=\"704\" src=\"https:\/\/amani.cnita.fr\/wp-content\/uploads\/2025\/10\/LOGO-1.png\" alt=\"\" class=\"wp-image-12\" style=\"width:21px;height:auto\" srcset=\"https:\/\/amani.cnita.fr\/wp-content\/uploads\/2025\/10\/LOGO-1.png 737w, https:\/\/amani.cnita.fr\/wp-content\/uploads\/2025\/10\/LOGO-1-300x287.png 300w\" sizes=\"auto, (max-width: 737px) 100vw, 737px\" \/><\/figure>\n\n\n\n<p>fabrication artisanale de bijoux de qualit\u00e9<\/p>\n<\/div>\n\n\n\n<div class=\"wp-block-group is-nowrap is-layout-flex wp-container-core-group-is-layout-6c531013 wp-block-group-is-layout-flex\">\n<figure class=\"wp-block-image is-resized\"><img decoding=\"async\" src=\"https:\/\/amani.cnita.fr\/wp-content\/uploads\/2025\/10\/LOGO-1.png\" alt=\"L\u2019attribut alt de cette image est vide, son nom de fichier est LOGO-1.png.\" style=\"width:22px;height:auto\"\/><\/figure>\n\n\n\n<p> cr\u00e9ation de tableaux  de d\u00e9coration en broderie et peinture<\/p>\n<\/div>\n\n\n\n<p>l&rsquo;art,cr\u00e9\u00e9 pour vous<\/p>\n\n\n\n<p>Beaut\u00e9 naturelle,cr\u00e9ation unique<\/p>\n\n\n\n<p>chaque pi\u00e8ce que nous cr\u00e9ons est une oeuvre d&rsquo;art,fa\u00e7onn\u00e9e \u00e0 lamain avec passion et soin.<\/p>\n\n\n\n<p>Bijoux ,accessoires ou tableaux personnalis\u00e9e <\/p>\n\n\n\n<p>trouvez qui vous convient<\/p>\n\n\n\n<figure class=\"wp-block-image is-resized\"><img loading=\"lazy\" decoding=\"async\" width=\"737\" height=\"704\" src=\"https:\/\/amani.cnita.fr\/wp-content\/uploads\/2025\/10\/LOGO.png\" alt=\"\" class=\"wp-image-9\" style=\"width:48px;height:auto\" srcset=\"https:\/\/amani.cnita.fr\/wp-content\/uploads\/2025\/10\/LOGO.png 737w, https:\/\/amani.cnita.fr\/wp-content\/uploads\/2025\/10\/LOGO-300x287.png 300w\" sizes=\"auto, (max-width: 737px) 100vw, 737px\" \/><\/figure>\n\n\n\n<p>D\u00e9couvrez nos cadeaux uniques et nos offres sp\u00e9ciales,imagin\u00e9s pour faire plaisir sublimer chaque occasion.<\/p>\n\n\n\n<figure class=\"wp-block-image is-resized\"><img loading=\"lazy\" decoding=\"async\" width=\"737\" height=\"704\" src=\"https:\/\/amani.cnita.fr\/wp-content\/uploads\/2025\/10\/LOGO.png\" alt=\"\" class=\"wp-image-9\" style=\"width:48px;height:auto\" srcset=\"https:\/\/amani.cnita.fr\/wp-content\/uploads\/2025\/10\/LOGO.png 737w, https:\/\/amani.cnita.fr\/wp-content\/uploads\/2025\/10\/LOGO-300x287.png 300w\" sizes=\"auto, (max-width: 737px) 100vw, 737px\" \/><\/figure>\n\n\n\n<p>Faites briller vos moments avec la touche <\/p>\n\n\n\n<p>wasn rose<\/p>\n\n\n\n<figure class=\"wp-block-image size-full is-resized\"><img loading=\"lazy\" decoding=\"async\" width=\"1024\" height=\"768\" src=\"https:\/\/amani.cnita.fr\/wp-content\/uploads\/2025\/10\/panier.webp\" alt=\"\" class=\"wp-image-29\" style=\"width:394px;height:auto\" srcset=\"https:\/\/amani.cnita.fr\/wp-content\/uploads\/2025\/10\/panier.webp 1024w, https:\/\/amani.cnita.fr\/wp-content\/uploads\/2025\/10\/panier-300x225.webp 300w, https:\/\/amani.cnita.fr\/wp-content\/uploads\/2025\/10\/panier-768x576.webp 768w\" sizes=\"auto, (max-width: 1024px) 100vw, 1024px\" \/><\/figure>\n\n\n\n<figure class=\"wp-block-image alignright size-full is-resized\"><img loading=\"lazy\" decoding=\"async\" width=\"1024\" height=\"768\" src=\"https:\/\/amani.cnita.fr\/wp-content\/uploads\/2025\/10\/d8a7d8add8acd8a7d8b1-d8b7d8a8d98ad8b9d98ad8a9-d988d8b9d982d8af.png\" alt=\"\" class=\"wp-image-34\" style=\"width:387px;height:auto\" srcset=\"https:\/\/amani.cnita.fr\/wp-content\/uploads\/2025\/10\/d8a7d8add8acd8a7d8b1-d8b7d8a8d98ad8b9d98ad8a9-d988d8b9d982d8af.png 1024w, https:\/\/amani.cnita.fr\/wp-content\/uploads\/2025\/10\/d8a7d8add8acd8a7d8b1-d8b7d8a8d98ad8b9d98ad8a9-d988d8b9d982d8af-300x225.png 300w, https:\/\/amani.cnita.fr\/wp-content\/uploads\/2025\/10\/d8a7d8add8acd8a7d8b1-d8b7d8a8d98ad8b9d98ad8a9-d988d8b9d982d8af-768x576.png 768w\" sizes=\"auto, (max-width: 1024px) 100vw, 1024px\" \/><\/figure>\n\n\n\n<p>NOUS OFFRONS UN SERVICE APRES VENTE DEDIE ACCESSOIRES<\/p>\n\n\n\n<div class=\"wp-block-group alignwide is-nowrap is-layout-flex wp-container-core-group-is-layout-6c531013 wp-block-group-is-layout-flex\">\n<figure class=\"wp-block-image is-resized\"><img decoding=\"async\" src=\"https:\/\/th.bing.com\/th\/id\/OIP.gR8GqQOrvovjmfq5oBNffgHaHa?w=165&amp;h=180&amp;c=7&amp;r=0&amp;o=7&amp;cb=12&amp;pid=1.7&amp;rm=3\" alt=\"R\u00e9sultat d\u2019images pour logo instagram\" style=\"width:65px;height:auto\"\/><\/figure>\n\n\n\n<p class=\"has-text-align-left\">wassan_rose7<\/p>\n<\/div>\n\n\n\n<div class=\"wp-block-group is-nowrap is-layout-flex wp-container-core-group-is-layout-6c531013 wp-block-group-is-layout-flex\">\n<figure class=\"wp-block-image is-resized\"><img decoding=\"async\" src=\"https:\/\/www.bing.com\/th\/id\/OIP.95AioEK2mw9lEDZutjLCegHaHa?w=198&amp;h=199&amp;c=8&amp;rs=1&amp;qlt=90&amp;o=6&amp;cb=12&amp;pid=3.1&amp;rm=2\" alt=\"\" style=\"width:79px;height:auto\"\/><\/figure>\n\n\n\n<p class=\"has-text-align-left\">+3382829207<\/p>\n<\/div>\n\n\n\n<div class=\"wp-block-group alignfull is-nowrap is-layout-flex wp-container-core-group-is-layout-6c531013 wp-block-group-is-layout-flex\">\n<figure class=\"wp-block-image is-resized\"><img decoding=\"async\" src=\"https:\/\/www.bing.com\/th\/id\/OIP.15D_KNqzq4oJQotVkqqlKwHaHa?w=195&amp;h=204&amp;c=8&amp;rs=1&amp;qlt=90&amp;o=6&amp;cb=12&amp;pid=3.1&amp;rm=2\" alt=\"\" style=\"width:77px;height:auto\"\/><\/figure>\n\n\n\n<p>wasn.rose777@gmail.com<\/p>\n<\/div>\n\n\n\n<div class=\"wp-block-group is-nowrap is-layout-flex wp-container-core-group-is-layout-6c531013 wp-block-group-is-layout-flex\">\n<figure class=\"wp-block-image is-resized\"><img decoding=\"async\" src=\"https:\/\/www.bing.com\/th\/id\/OIP.E9i7E_OgnwYyjh0teokrwAHaHa?w=145&amp;h=165&amp;c=8&amp;rs=1&amp;qlt=90&amp;o=6&amp;cb=12&amp;pid=3.1&amp;rm=2\" alt=\"\" style=\"width:73px;height:auto\"\/><\/figure>\n\n\n\n<p>GRENOBLE<\/p>\n<\/div>\n","protected":false},"excerpt":{"rendered":"<p>WASN R SE \u00c0 PROPOS &#8211; QUI SOMMES- NOUS ? Chez Wasn rose nous c\u00e9l\u00e9brons l&rsquo;artisanat fait main l&rsquo;authenticit\u00e9 des [&hellip;]<\/p>\n","protected":false},"author":1,"featured_media":0,"parent":0,"menu_order":0,"comment_status":"closed","ping_status":"closed","template":"","meta":{"site-sidebar-layout":"default","site-content-layout":"","ast-site-content-layout":"default","site-content-style":"default","site-sidebar-style":"default","ast-global-header-display":"","ast-banner-title-visibility":"","ast-main-header-display":"","ast-hfb-above-header-display":"","ast-hfb-below-header-display":"","ast-hfb-mobile-header-display":"","site-post-title":"","ast-breadcrumbs-content":"","ast-featured-img":"","footer-sml-layout":"","theme-transparent-header-meta":"","adv-header-id-meta":"","stick-header-meta":"","header-above-stick-meta":"","header-main-stick-meta":"","header-below-stick-meta":"","astra-migrate-meta-layouts":"default","ast-page-background-enabled":"default","ast-page-background-meta":{"desktop":{"background-color":"var(--ast-global-color-5)","background-image":"","background-repeat":"repeat","background-position":"center center","background-size":"auto","background-attachment":"scroll","background-type":"","background-media":"","overlay-type":"","overlay-color":"","overlay-opacity":"","overlay-gradient":""},"tablet":{"background-color":"","background-image":"","background-repeat":"repeat","background-position":"center center","background-size":"auto","background-attachment":"scroll","background-type":"","background-media":"","overlay-type":"","overlay-color":"","overlay-opacity":"","overlay-gradient":""},"mobile":{"background-color":"","background-image":"","background-repeat":"repeat","background-position":"center center","background-size":"auto","background-attachment":"scroll","background-type":"","background-media":"","overlay-type":"","overlay-color":"","overlay-opacity":"","overlay-gradient":""}},"ast-content-background-meta":{"desktop":{"background-color":"var(--ast-global-color-4)","background-image":"","background-repeat":"repeat","background-position":"center center","background-size":"auto","background-attachment":"scroll","background-type":"","background-media":"","overlay-type":"","overlay-color":"","overlay-opacity":"","overlay-gradient":""},"tablet":{"background-color":"var(--ast-global-color-4)","background-image":"","background-repeat":"repeat","background-position":"center center","background-size":"auto","background-attachment":"scroll","background-type":"","background-media":"","overlay-type":"","overlay-color":"","overlay-opacity":"","overlay-gradient":""},"mobile":{"background-color":"var(--ast-global-color-4)","background-image":"","background-repeat":"repeat","background-position":"center center","background-size":"auto","background-attachment":"scroll","background-type":"","background-media":"","overlay-type":"","overlay-color":"","overlay-opacity":"","overlay-gradient":""}},"footnotes":""},"class_list":["post-8","page","type-page","status-publish","hentry"],"_links":{"self":[{"href":"https:\/\/amani.cnita.fr\/index.php?rest_route=\/wp\/v2\/pages\/8","targetHints":{"allow":["GET"]}}],"collection":[{"href":"https:\/\/amani.cnita.fr\/index.php?rest_route=\/wp\/v2\/pages"}],"about":[{"href":"https:\/\/amani.cnita.fr\/index.php?rest_route=\/wp\/v2\/types\/page"}],"author":[{"embeddable":true,"href":"https:\/\/amani.cnita.fr\/index.php?rest_route=\/wp\/v2\/users\/1"}],"replies":[{"embeddable":true,"href":"https:\/\/amani.cnita.fr\/index.php?rest_route=%2Fwp%2Fv2%2Fcomments&post=8"}],"version-history":[{"count":13,"href":"https:\/\/amani.cnita.fr\/index.php?rest_route=\/wp\/v2\/pages\/8\/revisions"}],"predecessor-version":[{"id":51,"href":"https:\/\/amani.cnita.fr\/index.php?rest_route=\/wp\/v2\/pages\/8\/revisions\/51"}],"wp:attachment":[{"href":"https:\/\/amani.cnita.fr\/index.php?rest_route=%2Fwp%2Fv2%2Fmedia&parent=8"}],"curies":[{"name":"wp","href":"https:\/\/api.w.org\/{rel}","templated":true}]}}